{"id":19,"date":"2021-11-14T05:25:07","date_gmt":"2021-11-14T05:25:07","guid":{"rendered":"https:\/\/mextrust.com.mx\/esp\/?page_id=19"},"modified":"2021-11-19T19:51:52","modified_gmt":"2021-11-19T19:51:52","slug":"servicios","status":"publish","type":"page","link":"https:\/\/mextrust.com.mx\/esp\/servicios\/","title":{"rendered":"NUESTROS SERVICIOS"},"content":{"rendered":"\t\t<div data-elementor-type=\"wp-page\" data-elementor-id=\"19\" class=\"elementor elementor-19\" data-elementor-settings=\"[]\">\n\t\t\t\t\t\t\t<div class=\"elementor-section-wrap\">\n\t\t\t\t\t\t\t<section class=\"elementor-section elementor-top-section elementor-element elementor-element-283dfb96 elementor-section-height-min-height elementor-section-boxed elementor-section-height-default elementor-section-items-middle\" data-id=\"283dfb96\" data-element_type=\"section\" data-settings=\"{&quot;background_background&quot;:&quot;classic&quot;}\">\n\t\t\t\t\t\t<div class=\"elementor-container elementor-column-gap-default\">\n\t\t\t\t\t<div class=\"elementor-column elementor-col-100 elementor-top-column elementor-element elementor-element-5f1159ef\" data-id=\"5f1159ef\" data-element_type=\"column\">\n\t\t\t<div class=\"elementor-widget-wrap elementor-element-populated\">\n\t\t\t\t\t\t\t\t<div class=\"elementor-element elementor-element-122800b elementor-widget elementor-widget-text-editor\" data-id=\"122800b\" data-element_type=\"widget\" data-widget_type=\"text-editor.default\">\n\t\t\t\t<div class=\"elementor-widget-container\">\n\t\t\t<style>\/*! elementor - v3.5.4 - 23-01-2022 *\/\n.elementor-widget-text-editor.elementor-drop-cap-view-stacked .elementor-drop-cap{background-color:#818a91;color:#fff}.elementor-widget-text-editor.elementor-drop-cap-view-framed .elementor-drop-cap{color:#818a91;border:3px solid;background-color:transparent}.elementor-widget-text-editor:not(.elementor-drop-cap-view-default) .elementor-drop-cap{margin-top:8px}.elementor-widget-text-editor:not(.elementor-drop-cap-view-default) .elementor-drop-cap-letter{width:1em;height:1em}.elementor-widget-text-editor .elementor-drop-cap{float:left;text-align:center;line-height:1;font-size:50px}.elementor-widget-text-editor .elementor-drop-cap-letter{display:inline-block}<\/style>\t\t\t\t\t\t\t\t\t\t<\/div>\n\t\t\t\t<\/div>\n\t\t\t\t<div class=\"elementor-element elementor-element-4f4996d1 elementor-widget elementor-widget-heading\" data-id=\"4f4996d1\" data-element_type=\"widget\" data-widget_type=\"heading.default\">\n\t\t\t\t<div class=\"elementor-widget-container\">\n\t\t\t<style>\/*! elementor - v3.5.4 - 23-01-2022 *\/\n.elementor-heading-title{padding:0;margin:0;line-height:1}.elementor-widget-heading .elementor-heading-title[class*=elementor-size-]>a{color:inherit;font-size:inherit;line-height:inherit}.elementor-widget-heading .elementor-heading-title.elementor-size-small{font-size:15px}.elementor-widget-heading .elementor-heading-title.elementor-size-medium{font-size:19px}.elementor-widget-heading .elementor-heading-title.elementor-size-large{font-size:29px}.elementor-widget-heading .elementor-heading-title.elementor-size-xl{font-size:39px}.elementor-widget-heading .elementor-heading-title.elementor-size-xxl{font-size:59px}<\/style><h1 class=\"elementor-heading-title elementor-size-default\">Nuestros Servicios<\/h1>\t\t<\/div>\n\t\t\t\t<\/div>\n\t\t\t\t\t<\/div>\n\t\t<\/div>\n\t\t\t\t\t\t\t<\/div>\n\t\t<\/section>\n\t\t\t\t<section class=\"elementor-section elementor-top-section elementor-element elementor-element-2d6deab0 elementor-section-boxed elementor-section-height-default elementor-section-height-default\" data-id=\"2d6deab0\" data-element_type=\"section\">\n\t\t\t\t\t\t<div class=\"elementor-container elementor-column-gap-default\">\n\t\t\t\t\t<div class=\"elementor-column elementor-col-50 elementor-top-column elementor-element elementor-element-5a9754cb\" data-id=\"5a9754cb\" data-element_type=\"column\">\n\t\t\t<div class=\"elementor-widget-wrap elementor-element-populated\">\n\t\t\t\t\t\t\t\t<div class=\"elementor-element elementor-element-2d53fcec elementor-widget elementor-widget-heading\" data-id=\"2d53fcec\" data-element_type=\"widget\" data-widget_type=\"heading.default\">\n\t\t\t\t<div class=\"elementor-widget-container\">\n\t\t\t<h2 class=\"elementor-heading-title elementor-size-default\">Servicios de Fideicomiso<\/h2>\t\t<\/div>\n\t\t\t\t<\/div>\n\t\t\t\t\t<\/div>\n\t\t<\/div>\n\t\t\t\t<div class=\"elementor-column elementor-col-50 elementor-top-column elementor-element elementor-element-5493d4e3\" data-id=\"5493d4e3\" data-element_type=\"column\">\n\t\t\t<div class=\"elementor-widget-wrap elementor-element-populated\">\n\t\t\t\t\t\t\t\t<div class=\"elementor-element elementor-element-b7e9b67 elementor-widget elementor-widget-menu-anchor\" data-id=\"b7e9b67\" data-element_type=\"widget\" data-widget_type=\"menu-anchor.default\">\n\t\t\t\t<div class=\"elementor-widget-container\">\n\t\t\t<style>\/*! elementor - v3.5.4 - 23-01-2022 *\/\nbody.elementor-page .elementor-widget-menu-anchor{margin-bottom:0}<\/style>\t\t<div id=\"fideicomiso\" class=\"elementor-menu-anchor\"><\/div>\n\t\t\t\t<\/div>\n\t\t\t\t<\/div>\n\t\t\t\t<div class=\"elementor-element elementor-element-4567266 elementor-widget elementor-widget-spacer\" data-id=\"4567266\" data-element_type=\"widget\" data-widget_type=\"spacer.default\">\n\t\t\t\t<div class=\"elementor-widget-container\">\n\t\t\t\t\t<div class=\"elementor-spacer\">\n\t\t\t<div class=\"elementor-spacer-inner\"><\/div>\n\t\t<\/div>\n\t\t\t\t<\/div>\n\t\t\t\t<\/div>\n\t\t\t\t<div class=\"elementor-element elementor-element-3f0085b elementor-widget elementor-widget-text-editor\" data-id=\"3f0085b\" data-element_type=\"widget\" data-widget_type=\"text-editor.default\">\n\t\t\t\t<div class=\"elementor-widget-container\">\n\t\t\t\t\t\t\t<p><span style=\"font-weight: 400;\">1.- Asesor\u00eda Fiduciaria.<\/span><\/p><p><span style=\"font-weight: 400;\">2.- Constituci\u00f3n de Contratos de Fideicomiso convencionales y con garant\u00eda, celebraci\u00f3n de Convenios de Cesiones de Derechos, Sustituciones Fiduciarias, Modificaciones y Extinciones de Contratos con la Instituci\u00f3n Fiduciaria que representamos.<\/span><\/p><p><span style=\"font-weight: 400;\">3.- Integraci\u00f3n de expedientes Fiduciarios.<\/span><\/p><p><span style=\"font-weight: 400;\">4.- Llenado de formularios Bancarios de fideicomisos.<\/span><\/p><p><span style=\"font-weight: 400;\">5.- Asesor\u00eda Fiduciaria y tramites de operaciones con otras instituciones bancarias. Y<\/span><\/p><p><span style=\"font-weight: 400;\">6.- Recordatorio, recepci\u00f3n y pago de anualidades por administraci\u00f3n de fideicomiso, ya sea con la instituci\u00f3n que representamos o con otras instituciones.<\/span><\/p>\t\t\t\t\t\t<\/div>\n\t\t\t\t<\/div>\n\t\t\t\t\t<\/div>\n\t\t<\/div>\n\t\t\t\t\t\t\t<\/div>\n\t\t<\/section>\n\t\t\t\t<section class=\"elementor-section elementor-top-section elementor-element elementor-element-15888ee elementor-section-boxed elementor-section-height-default elementor-section-height-default\" data-id=\"15888ee\" data-element_type=\"section\">\n\t\t\t\t\t\t<div class=\"elementor-container elementor-column-gap-default\">\n\t\t\t\t\t<div class=\"elementor-column elementor-col-50 elementor-top-column elementor-element elementor-element-593a6a6\" data-id=\"593a6a6\" data-element_type=\"column\">\n\t\t\t<div class=\"elementor-widget-wrap elementor-element-populated\">\n\t\t\t\t\t\t\t\t<div class=\"elementor-element elementor-element-f6ac1a9 elementor-widget elementor-widget-heading\" data-id=\"f6ac1a9\" data-element_type=\"widget\" data-widget_type=\"heading.default\">\n\t\t\t\t<div class=\"elementor-widget-container\">\n\t\t\t<h2 class=\"elementor-heading-title elementor-size-default\">Servicios de Coordinaci\u00f3n de Cierres<\/h2>\t\t<\/div>\n\t\t\t\t<\/div>\n\t\t\t\t\t<\/div>\n\t\t<\/div>\n\t\t\t\t<div class=\"elementor-column elementor-col-50 elementor-top-column elementor-element elementor-element-0a8ab23\" data-id=\"0a8ab23\" data-element_type=\"column\">\n\t\t\t<div class=\"elementor-widget-wrap elementor-element-populated\">\n\t\t\t\t\t\t\t\t<div class=\"elementor-element elementor-element-08a181d elementor-widget elementor-widget-menu-anchor\" data-id=\"08a181d\" data-element_type=\"widget\" data-widget_type=\"menu-anchor.default\">\n\t\t\t\t<div class=\"elementor-widget-container\">\n\t\t\t\t\t<div id=\"cierres\" class=\"elementor-menu-anchor\"><\/div>\n\t\t\t\t<\/div>\n\t\t\t\t<\/div>\n\t\t\t\t<div class=\"elementor-element elementor-element-02aa595 elementor-widget elementor-widget-spacer\" data-id=\"02aa595\" data-element_type=\"widget\" data-widget_type=\"spacer.default\">\n\t\t\t\t<div class=\"elementor-widget-container\">\n\t\t\t\t\t<div class=\"elementor-spacer\">\n\t\t\t<div class=\"elementor-spacer-inner\"><\/div>\n\t\t<\/div>\n\t\t\t\t<\/div>\n\t\t\t\t<\/div>\n\t\t\t\t<div class=\"elementor-element elementor-element-9ed822c elementor-widget elementor-widget-text-editor\" data-id=\"9ed822c\" data-element_type=\"widget\" data-widget_type=\"text-editor.default\">\n\t\t\t\t<div class=\"elementor-widget-container\">\n\t\t\t\t\t\t\t<p><span style=\"font-weight: 400;\"><strong>1.- Fideicomisos y Escrituras sobre bienes inmuebles:<\/strong> Te asesoramos y apoyamos durante todo el proceso de tu inversi\u00f3n inmobiliaria, desde la presentaci\u00f3n de tu oferta de compra hasta la obtenci\u00f3n de tu confianza, analizando no solo que todo se haga correctamente en el momento de la compra, sino tambi\u00e9n que te asesoramos. y anticipe para que, si decide vender su propiedad en el futuro, podr\u00e1 obtener importantes beneficios y ahorros fiscales.<\/span><\/p><p><span style=\"font-weight: 400;\"><strong>2.- Trabajamos con compa\u00f1\u00edas de Escrow:<\/strong> Tratamos con empresas de dep\u00f3sito en garant\u00eda, mayormente conocidas como Escrow, as\u00ed como Secure Title Latin America para mantener sus fondos seguros hasta que se cumplan todas las leyes y t\u00e9rminos de su compra o venta.<\/span><\/p><p><span style=\"font-weight: 400;\"><strong>3.- Coordinaci\u00f3n de cierre:<\/strong> Colaboramos con las agencias de bienes ra\u00edces con mayor reputaci\u00f3n, manejando todos los aspectos del proceso de adquisici\u00f3n de bienes inmuebles.<\/span><\/p><p><span style=\"font-weight: 400;\"><strong>4.- Contratos privados:<\/strong> Un contrato adecuado es necesario para salvaguardar sus intereses en caso de una disputa.<\/span><\/p><p><span style=\"font-weight: 400;\"><strong>5.- Servicios de creaci\u00f3n de LLC:<\/strong> Para ayudarlo a usted y a sus socios a formar una compa\u00f1\u00eda de responsabilidad limitada (LLC) y resolver cualquier inquietud que pueda tener sobre su compa\u00f1\u00eda de responsabilidad limitada (LLC).<\/span><\/p>\t\t\t\t\t\t<\/div>\n\t\t\t\t<\/div>\n\t\t\t\t\t<\/div>\n\t\t<\/div>\n\t\t\t\t\t\t\t<\/div>\n\t\t<\/section>\n\t\t\t\t<section class=\"elementor-section elementor-top-section elementor-element elementor-element-53c5cd55 elementor-section-boxed elementor-section-height-default elementor-section-height-default\" data-id=\"53c5cd55\" data-element_type=\"section\">\n\t\t\t\t\t\t<div class=\"elementor-container elementor-column-gap-default\">\n\t\t\t\t\t<div class=\"elementor-column elementor-col-100 elementor-top-column elementor-element elementor-element-3db44ba5\" data-id=\"3db44ba5\" data-element_type=\"column\">\n\t\t\t<div class=\"elementor-widget-wrap elementor-element-populated\">\n\t\t\t\t\t\t\t\t<div class=\"elementor-element elementor-element-6af0ff4c elementor-widget elementor-widget-menu-anchor\" data-id=\"6af0ff4c\" data-element_type=\"widget\" data-widget_type=\"menu-anchor.default\">\n\t\t\t\t<div class=\"elementor-widget-container\">\n\t\t\t\t\t<div id=\"form\" class=\"elementor-menu-anchor\"><\/div>\n\t\t\t\t<\/div>\n\t\t\t\t<\/div>\n\t\t\t\t\t<\/div>\n\t\t<\/div>\n\t\t\t\t\t\t\t<\/div>\n\t\t<\/section>\n\t\t\t\t\t\t<\/div>\n\t\t\t\t\t<\/div>\n\t\t","protected":false},"excerpt":{"rendered":"<p>Nuestros Servicios Servicios de Fideicomiso 1.- Asesor\u00eda Fiduciaria. 2.- Constituci\u00f3n de Contratos de Fideicomiso convencionales y con garant\u00eda, celebraci\u00f3n de Convenios de Cesiones de Derechos, Sustituciones Fiduciarias, Modificaciones y Extinciones de Contratos con la Instituci\u00f3n Fiduciaria que representamos. 3.- Integraci\u00f3n de expedientes Fiduciarios. 4.- Llenado de formularios Bancarios de fideicomisos. 5.- Asesor\u00eda Fiduciaria y tramites &hellip; <\/p>\n<p class=\"link-more\"><a href=\"https:\/\/mextrust.com.mx\/esp\/servicios\/\" class=\"more-link\">Seguir leyendo<span class=\"screen-reader-text\"> \u00abNUESTROS SERVICIOS\u00bb<\/span><\/a><\/p>\n","protected":false},"author":1,"featured_media":0,"parent":0,"menu_order":0,"comment_status":"closed","ping_status":"closed","template":"elementor_header_footer","meta":{"footnotes":""},"class_list":["post-19","page","type-page","status-publish","hentry","entry"],"_links":{"self":[{"href":"https:\/\/mextrust.com.mx\/esp\/wp-json\/wp\/v2\/pages\/19","targetHints":{"allow":["GET"]}}],"collection":[{"href":"https:\/\/mextrust.com.mx\/esp\/wp-json\/wp\/v2\/pages"}],"about":[{"href":"https:\/\/mextrust.com.mx\/esp\/wp-json\/wp\/v2\/types\/page"}],"author":[{"embeddable":true,"href":"https:\/\/mextrust.com.mx\/esp\/wp-json\/wp\/v2\/users\/1"}],"replies":[{"embeddable":true,"href":"https:\/\/mextrust.com.mx\/esp\/wp-json\/wp\/v2\/comments?post=19"}],"version-history":[{"count":29,"href":"https:\/\/mextrust.com.mx\/esp\/wp-json\/wp\/v2\/pages\/19\/revisions"}],"predecessor-version":[{"id":590,"href":"https:\/\/mextrust.com.mx\/esp\/wp-json\/wp\/v2\/pages\/19\/revisions\/590"}],"wp:attachment":[{"href":"https:\/\/mextrust.com.mx\/esp\/wp-json\/wp\/v2\/media?parent=19"}],"curies":[{"name":"wp","href":"https:\/\/api.w.org\/{rel}","templated":true}]}}