{"id":17,"date":"2021-11-14T05:24:38","date_gmt":"2021-11-14T05:24:38","guid":{"rendered":"https:\/\/mextrust.com.mx\/esp\/?page_id=17"},"modified":"2021-11-19T19:49:27","modified_gmt":"2021-11-19T19:49:27","slug":"lo-que-nos-define","status":"publish","type":"page","link":"https:\/\/mextrust.com.mx\/esp\/lo-que-nos-define\/","title":{"rendered":"LO QUE NOS DEFINE"},"content":{"rendered":"\t\t<div data-elementor-type=\"wp-page\" data-elementor-id=\"17\" class=\"elementor elementor-17\" data-elementor-settings=\"[]\">\n\t\t\t\t\t\t\t<div class=\"elementor-section-wrap\">\n\t\t\t\t\t\t\t<section class=\"elementor-section elementor-top-section elementor-element elementor-element-2a657c19 elementor-section-height-min-height elementor-section-boxed elementor-section-height-default elementor-section-items-middle\" data-id=\"2a657c19\" data-element_type=\"section\" data-settings=\"{&quot;background_background&quot;:&quot;classic&quot;}\">\n\t\t\t\t\t\t<div class=\"elementor-container elementor-column-gap-default\">\n\t\t\t\t\t<div class=\"elementor-column elementor-col-100 elementor-top-column elementor-element elementor-element-7020a94d\" data-id=\"7020a94d\" data-element_type=\"column\">\n\t\t\t<div class=\"elementor-widget-wrap elementor-element-populated\">\n\t\t\t\t\t\t\t\t<div class=\"elementor-element elementor-element-13411430 elementor-widget elementor-widget-text-editor\" data-id=\"13411430\" data-element_type=\"widget\" data-widget_type=\"text-editor.default\">\n\t\t\t\t<div class=\"elementor-widget-container\">\n\t\t\t<style>\/*! elementor - v3.5.4 - 23-01-2022 *\/\n.elementor-widget-text-editor.elementor-drop-cap-view-stacked .elementor-drop-cap{background-color:#818a91;color:#fff}.elementor-widget-text-editor.elementor-drop-cap-view-framed .elementor-drop-cap{color:#818a91;border:3px solid;background-color:transparent}.elementor-widget-text-editor:not(.elementor-drop-cap-view-default) .elementor-drop-cap{margin-top:8px}.elementor-widget-text-editor:not(.elementor-drop-cap-view-default) .elementor-drop-cap-letter{width:1em;height:1em}.elementor-widget-text-editor .elementor-drop-cap{float:left;text-align:center;line-height:1;font-size:50px}.elementor-widget-text-editor .elementor-drop-cap-letter{display:inline-block}<\/style>\t\t\t\t\t\t\t\t\t\t<\/div>\n\t\t\t\t<\/div>\n\t\t\t\t<div class=\"elementor-element elementor-element-1dd98271 elementor-widget elementor-widget-heading\" data-id=\"1dd98271\" data-element_type=\"widget\" data-widget_type=\"heading.default\">\n\t\t\t\t<div class=\"elementor-widget-container\">\n\t\t\t<style>\/*! elementor - v3.5.4 - 23-01-2022 *\/\n.elementor-heading-title{padding:0;margin:0;line-height:1}.elementor-widget-heading .elementor-heading-title[class*=elementor-size-]>a{color:inherit;font-size:inherit;line-height:inherit}.elementor-widget-heading .elementor-heading-title.elementor-size-small{font-size:15px}.elementor-widget-heading .elementor-heading-title.elementor-size-medium{font-size:19px}.elementor-widget-heading .elementor-heading-title.elementor-size-large{font-size:29px}.elementor-widget-heading .elementor-heading-title.elementor-size-xl{font-size:39px}.elementor-widget-heading .elementor-heading-title.elementor-size-xxl{font-size:59px}<\/style><h1 class=\"elementor-heading-title elementor-size-default\">LO QUE NOS DEFINE<\/h1>\t\t<\/div>\n\t\t\t\t<\/div>\n\t\t\t\t\t<\/div>\n\t\t<\/div>\n\t\t\t\t\t\t\t<\/div>\n\t\t<\/section>\n\t\t\t\t<section class=\"elementor-section elementor-top-section elementor-element elementor-element-279386c1 elementor-section-boxed elementor-section-height-default elementor-section-height-default\" data-id=\"279386c1\" data-element_type=\"section\">\n\t\t\t\t\t\t<div class=\"elementor-container elementor-column-gap-default\">\n\t\t\t\t\t<div class=\"elementor-column elementor-col-50 elementor-top-column elementor-element elementor-element-60ca095\" data-id=\"60ca095\" data-element_type=\"column\">\n\t\t\t<div class=\"elementor-widget-wrap elementor-element-populated\">\n\t\t\t\t\t\t\t\t<div class=\"elementor-element elementor-element-5721c678 elementor-widget elementor-widget-heading\" data-id=\"5721c678\" data-element_type=\"widget\" data-widget_type=\"heading.default\">\n\t\t\t\t<div class=\"elementor-widget-container\">\n\t\t\t<h2 class=\"elementor-heading-title elementor-size-default\">Competitivamente ofrecemos estas ventajas al mercado inmobiliario:<\/h2>\t\t<\/div>\n\t\t\t\t<\/div>\n\t\t\t\t\t<\/div>\n\t\t<\/div>\n\t\t\t\t<div class=\"elementor-column elementor-col-50 elementor-top-column elementor-element elementor-element-9590f45\" data-id=\"9590f45\" data-element_type=\"column\">\n\t\t\t<div class=\"elementor-widget-wrap elementor-element-populated\">\n\t\t\t\t\t\t\t\t<div class=\"elementor-element elementor-element-36994bb6 elementor-widget elementor-widget-text-editor\" data-id=\"36994bb6\" data-element_type=\"widget\" data-widget_type=\"text-editor.default\">\n\t\t\t\t<div class=\"elementor-widget-container\">\n\t\t\t\t\t\t\t<p>1.- M\u00e1s de 30 a\u00f1os de experiencia, lo que se traduce en un conocimiento pleno del mercado inmobiliario y de sus necesidades, entendiendo claramente la velocidad del mismo en las zonas de negocio y la necesidad de otorgar una respuesta r\u00e1pida a las operaciones involucradas.<\/p><p>2.- Poderes con facultades de Apoderados Especiales Fiduciarios, que nos autorizan a firmar en cual quiera de nuestras plazas, como son: Puerto Pe\u00f1asco, San Carlos y Bah\u00eda de Kino, sobre la constituci\u00f3n de nuevos negocios, as\u00ed como convenio y cesiones de derechos de fideicomisarios, entre otros, lo cual facilita la obtenci\u00f3n de la firma del fiduciario ante cualquier notaria lleve a cabo los actos.<\/p><p>3.- Facultades de revisi\u00f3n y aprobaci\u00f3n de proyectos de contrato local, as\u00ed como el establecimiento de Honorarios Fiduciarios, lo cual nos ayuda a optimizar al m\u00e1ximo los tiempos de autorizaci\u00f3n de firma de proyectos, en comparaci\u00f3n con cualquier Instituci\u00f3n Fiduciaria en el mercado.<\/p><p>4.- Oficinas locales de atenci\u00f3n a clientes en Puerto Pe\u00f1asco, San Carlos y Hermosillo.<\/p><p>5.- Administraci\u00f3n de los contratos de fideicomiso donde se genere el negocio; as\u00ed como env\u00edo de cobranza, recepci\u00f3n de pagos directamente en nuestras oficinas y gesti\u00f3n de su correcta aplicaci\u00f3n en el Banco fiduciario.<\/p><p>6.- Especializaci\u00f3n con enfoque en el negocio tur\u00edstico, dando el asesoramiento y tr\u00e1mite de venta y adquisici\u00f3n de derechos fiduciarios en zona restringida.<\/p><p>7.- Manejo del idioma ingl\u00e9s y espa\u00f1ol en todas las oficinas.<\/p>\t\t\t\t\t\t<\/div>\n\t\t\t\t<\/div>\n\t\t\t\t\t<\/div>\n\t\t<\/div>\n\t\t\t\t\t\t\t<\/div>\n\t\t<\/section>\n\t\t\t\t<section class=\"elementor-section elementor-top-section elementor-element elementor-element-521ba50b elementor-section-height-min-height elementor-section-boxed elementor-section-height-default elementor-section-items-middle\" data-id=\"521ba50b\" data-element_type=\"section\" data-settings=\"{&quot;background_background&quot;:&quot;classic&quot;}\">\n\t\t\t\t\t\t\t<div class=\"elementor-background-overlay\"><\/div>\n\t\t\t\t\t\t\t<div class=\"elementor-container elementor-column-gap-default\">\n\t\t\t\t\t<div class=\"elementor-column elementor-col-100 elementor-top-column elementor-element elementor-element-1d20e3b4\" data-id=\"1d20e3b4\" data-element_type=\"column\">\n\t\t\t<div class=\"elementor-widget-wrap elementor-element-populated\">\n\t\t\t\t\t\t\t\t<div class=\"elementor-element elementor-element-3a4c6e04 elementor-widget elementor-widget-heading\" data-id=\"3a4c6e04\" data-element_type=\"widget\" data-widget_type=\"heading.default\">\n\t\t\t\t<div class=\"elementor-widget-container\">\n\t\t\t<h2 class=\"elementor-heading-title elementor-size-default\">La mejor asesor\u00eda <\/h2>\t\t<\/div>\n\t\t\t\t<\/div>\n\t\t\t\t<div class=\"elementor-element elementor-element-6b895951 elementor-widget elementor-widget-text-editor\" data-id=\"6b895951\" data-element_type=\"widget\" data-widget_type=\"text-editor.default\">\n\t\t\t\t<div class=\"elementor-widget-container\">\n\t\t\t\t\t\t\t<p class=\"p1\">Contamos con m\u00e1s de 30 a\u00f1os de experiencia<\/p>\t\t\t\t\t\t<\/div>\n\t\t\t\t<\/div>\n\t\t\t\t<div class=\"elementor-element elementor-element-a7bc689 elementor-align-center elementor-widget elementor-widget-button\" data-id=\"a7bc689\" data-element_type=\"widget\" data-widget_type=\"button.default\">\n\t\t\t\t<div class=\"elementor-widget-container\">\n\t\t\t\t\t<div class=\"elementor-button-wrapper\">\n\t\t\t<a href=\"https:\/\/mextrust.com.mx\/esp\/contacto\/\" class=\"elementor-button-link elementor-button elementor-size-md\" role=\"button\">\n\t\t\t\t\t\t<span class=\"elementor-button-content-wrapper\">\n\t\t\t\t\t\t<span class=\"elementor-button-icon elementor-align-icon-right\">\n\t\t\t\t<i aria-hidden=\"true\" class=\"fas fa-long-arrow-alt-right\"><\/i>\t\t\t<\/span>\n\t\t\t\t\t\t<span class=\"elementor-button-text\">Cont\u00e1ctanos<\/span>\n\t\t<\/span>\n\t\t\t\t\t<\/a>\n\t\t<\/div>\n\t\t\t\t<\/div>\n\t\t\t\t<\/div>\n\t\t\t\t\t<\/div>\n\t\t<\/div>\n\t\t\t\t\t\t\t<\/div>\n\t\t<\/section>\n\t\t\t\t\t\t<\/div>\n\t\t\t\t\t<\/div>\n\t\t","protected":false},"excerpt":{"rendered":"<p>LO QUE NOS DEFINE Competitivamente ofrecemos estas ventajas al mercado inmobiliario: 1.- M\u00e1s de 30 a\u00f1os de experiencia, lo que se traduce en un conocimiento pleno del mercado inmobiliario y de sus necesidades, entendiendo claramente la velocidad del mismo en las zonas de negocio y la necesidad de otorgar una respuesta r\u00e1pida a las operaciones &hellip; <\/p>\n<p class=\"link-more\"><a href=\"https:\/\/mextrust.com.mx\/esp\/lo-que-nos-define\/\" class=\"more-link\">Seguir leyendo<span class=\"screen-reader-text\"> \u00abLO QUE NOS DEFINE\u00bb<\/span><\/a><\/p>\n","protected":false},"author":1,"featured_media":0,"parent":0,"menu_order":0,"comment_status":"closed","ping_status":"closed","template":"elementor_header_footer","meta":{"footnotes":""},"class_list":["post-17","page","type-page","status-publish","hentry","entry"],"_links":{"self":[{"href":"https:\/\/mextrust.com.mx\/esp\/wp-json\/wp\/v2\/pages\/17","targetHints":{"allow":["GET"]}}],"collection":[{"href":"https:\/\/mextrust.com.mx\/esp\/wp-json\/wp\/v2\/pages"}],"about":[{"href":"https:\/\/mextrust.com.mx\/esp\/wp-json\/wp\/v2\/types\/page"}],"author":[{"embeddable":true,"href":"https:\/\/mextrust.com.mx\/esp\/wp-json\/wp\/v2\/users\/1"}],"replies":[{"embeddable":true,"href":"https:\/\/mextrust.com.mx\/esp\/wp-json\/wp\/v2\/comments?post=17"}],"version-history":[{"count":13,"href":"https:\/\/mextrust.com.mx\/esp\/wp-json\/wp\/v2\/pages\/17\/revisions"}],"predecessor-version":[{"id":584,"href":"https:\/\/mextrust.com.mx\/esp\/wp-json\/wp\/v2\/pages\/17\/revisions\/584"}],"wp:attachment":[{"href":"https:\/\/mextrust.com.mx\/esp\/wp-json\/wp\/v2\/media?parent=17"}],"curies":[{"name":"wp","href":"https:\/\/api.w.org\/{rel}","templated":true}]}}